{"id":10,"date":"2025-08-20T18:01:33","date_gmt":"2025-08-20T18:01:33","guid":{"rendered":"https:\/\/snhglobal.pro\/?page_id=10"},"modified":"2025-09-24T04:22:23","modified_gmt":"2025-09-24T04:22:23","slug":"snh","status":"publish","type":"page","link":"https:\/\/snhglobal.pro\/en\/","title":{"rendered":"SNH"},"content":{"rendered":"<div data-elementor-type=\"wp-page\" data-elementor-id=\"10\" class=\"elementor elementor-10\" data-elementor-post-type=\"page\">\n\t\t\t\t<div class=\"elementor-element elementor-element-94a239c e-flex e-con-boxed e-con e-parent\" data-id=\"94a239c\" data-element_type=\"container\">\n\t\t\t\t\t<div class=\"e-con-inner\">\n\t\t<div class=\"elementor-element elementor-element-1e1acaf e-con-full e-flex e-con e-child\" data-id=\"1e1acaf\" data-element_type=\"container\">\n\t\t<div class=\"elementor-element elementor-element-0d1ced0 e-con-full e-flex e-con e-child\" data-id=\"0d1ced0\" data-element_type=\"container\">\n\t\t\t\t<div class=\"elementor-element elementor-element-976e7d0 elementor-widget elementor-widget-image\" data-id=\"976e7d0\" data-element_type=\"widget\" data-widget_type=\"image.default\">\n\t\t\t\t\t\t\t\t\t\t\t\t\t\t\t<img fetchpriority=\"high\" decoding=\"async\" width=\"611\" height=\"446\" src=\"https:\/\/snhglobal.pro\/wp-content\/uploads\/2025\/09\/Group-10-1.png\" class=\"attachment-full size-full wp-image-227\" alt=\"\" srcset=\"https:\/\/snhglobal.pro\/wp-content\/uploads\/2025\/09\/Group-10-1.png 611w, https:\/\/snhglobal.pro\/wp-content\/uploads\/2025\/09\/Group-10-1-300x219.png 300w\" sizes=\"(max-width: 611px) 100vw, 611px\" \/>\t\t\t\t\t\t\t\t\t\t\t\t\t\t\t<\/div>\n\t\t\t\t<div class=\"elementor-element elementor-element-af821c6 elementor-widget elementor-widget-image\" data-id=\"af821c6\" data-element_type=\"widget\" data-widget_type=\"image.default\">\n\t\t\t\t\t\t\t\t\t\t\t\t\t\t\t<img decoding=\"async\" width=\"380\" height=\"446\" src=\"https:\/\/snhglobal.pro\/wp-content\/uploads\/2025\/09\/Group-11.png\" class=\"attachment-full size-full wp-image-228\" alt=\"\" srcset=\"https:\/\/snhglobal.pro\/wp-content\/uploads\/2025\/09\/Group-11.png 380w, https:\/\/snhglobal.pro\/wp-content\/uploads\/2025\/09\/Group-11-256x300.png 256w\" sizes=\"(max-width: 380px) 100vw, 380px\" \/>\t\t\t\t\t\t\t\t\t\t\t\t\t\t\t<\/div>\n\t\t\t\t<div class=\"elementor-element elementor-element-b8bd630 elementor-hidden-mobile elementor-widget elementor-widget-image\" data-id=\"b8bd630\" data-element_type=\"widget\" data-widget_type=\"image.default\">\n\t\t\t\t\t\t\t\t\t\t\t\t\t\t\t<img decoding=\"async\" width=\"380\" height=\"446\" src=\"https:\/\/snhglobal.pro\/wp-content\/uploads\/2025\/09\/Group-12.png\" class=\"attachment-full size-full wp-image-229\" alt=\"\" srcset=\"https:\/\/snhglobal.pro\/wp-content\/uploads\/2025\/09\/Group-12.png 380w, https:\/\/snhglobal.pro\/wp-content\/uploads\/2025\/09\/Group-12-256x300.png 256w\" sizes=\"(max-width: 380px) 100vw, 380px\" \/>\t\t\t\t\t\t\t\t\t\t\t\t\t\t\t<\/div>\n\t\t\t\t<\/div>\n\t\t\t\t<\/div>\n\t\t\t\t<div class=\"elementor-element elementor-element-b7cfb14 elementor-widget elementor-widget-heading\" data-id=\"b7cfb14\" data-element_type=\"widget\" data-widget_type=\"heading.default\">\n\t\t\t\t\t<h2 class=\"elementor-heading-title elementor-size-default\">Scientific excellence for decisions\nthat make a difference<\/h2>\t\t\t\t<\/div>\n\t\t\t\t<div class=\"elementor-element elementor-element-986a8d2 elementor-align-center elementor-widget elementor-widget-button\" data-id=\"986a8d2\" data-element_type=\"widget\" data-widget_type=\"button.default\">\n\t\t\t\t\t\t\t\t\t\t<a class=\"elementor-button elementor-button-link elementor-size-sm\" href=\"#servicios\">\n\t\t\t\t\t\t<span class=\"elementor-button-content-wrapper\">\n\t\t\t\t\t\t\t\t\t<span class=\"elementor-button-text\">Discover our services<\/span>\n\t\t\t\t\t<\/span>\n\t\t\t\t\t<\/a>\n\t\t\t\t\t\t\t\t<\/div>\n\t\t\t\t\t<\/div>\n\t\t\t\t<\/div>\n\t\t<div class=\"elementor-element elementor-element-88a557e e-flex e-con-boxed e-con e-parent\" data-id=\"88a557e\" data-element_type=\"container\" id=\"servicios\" data-settings=\"{&quot;background_background&quot;:&quot;classic&quot;}\">\n\t\t\t\t\t<div class=\"e-con-inner\">\n\t\t\t\t<div class=\"elementor-element elementor-element-58b8438 elementor-widget elementor-widget-heading\" data-id=\"58b8438\" data-element_type=\"widget\" data-widget_type=\"heading.default\">\n\t\t\t\t\t<h2 class=\"elementor-heading-title elementor-size-default\">Services<\/h2>\t\t\t\t<\/div>\n\t\t<div class=\"elementor-element elementor-element-1d03a27 e-con-full e-flex e-con e-child\" data-id=\"1d03a27\" data-element_type=\"container\">\n\t\t<a class=\"elementor-element elementor-element-08c9465 e-con-full e-flex e-con e-child\" data-id=\"08c9465\" data-element_type=\"container\" data-settings=\"{&quot;background_background&quot;:&quot;classic&quot;}\" href=\"#elementor-action%3Aaction%3Dpopup%3Aopen%26settings%3DeyJpZCI6IjgwIiwidG9nZ2xlIjpmYWxzZX0%3D\">\n\t\t\t\t<div class=\"elementor-element elementor-element-c954828 elementor-absolute elementor-view-default elementor-widget elementor-widget-icon\" data-id=\"c954828\" data-element_type=\"widget\" data-settings=\"{&quot;_position&quot;:&quot;absolute&quot;,&quot;motion_fx_motion_fx_mouse&quot;:&quot;yes&quot;,&quot;motion_fx_mouseTrack_effect&quot;:&quot;yes&quot;,&quot;motion_fx_mouseTrack_speed&quot;:{&quot;unit&quot;:&quot;px&quot;,&quot;size&quot;:0.1,&quot;sizes&quot;:[]}}\" data-widget_type=\"icon.default\">\n\t\t\t\t\t\t\t<div class=\"elementor-icon-wrapper\">\n\t\t\t<div class=\"elementor-icon\">\n\t\t\t<svg aria-hidden=\"true\" class=\"e-font-icon-svg e-fas-circle\" viewbox=\"0 0 512 512\" xmlns=\"http:\/\/www.w3.org\/2000\/svg\"><path d=\"M256 8C119 8 8 119 8 256s111 248 248 248 248-111 248-248S393 8 256 8z\"><\/path><\/svg>\t\t\t<\/div>\n\t\t<\/div>\n\t\t\t\t\t\t<\/div>\n\t\t<div class=\"elementor-element elementor-element-8c3f55a e-con-full e-flex e-con e-child\" data-id=\"8c3f55a\" data-element_type=\"container\">\n\t\t\t\t<div class=\"elementor-element elementor-element-3106386 elementor-widget elementor-widget-image\" data-id=\"3106386\" data-element_type=\"widget\" data-widget_type=\"image.default\">\n\t\t\t\t\t\t\t\t\t\t\t\t\t\t\t<img loading=\"lazy\" decoding=\"async\" width=\"1280\" height=\"854\" src=\"https:\/\/snhglobal.pro\/wp-content\/uploads\/2025\/09\/photo_2025-09-03_13-57-38.jpg\" class=\"attachment-full size-full wp-image-311\" alt=\"\" srcset=\"https:\/\/snhglobal.pro\/wp-content\/uploads\/2025\/09\/photo_2025-09-03_13-57-38.jpg 1280w, https:\/\/snhglobal.pro\/wp-content\/uploads\/2025\/09\/photo_2025-09-03_13-57-38-300x200.jpg 300w, https:\/\/snhglobal.pro\/wp-content\/uploads\/2025\/09\/photo_2025-09-03_13-57-38-1024x683.jpg 1024w, https:\/\/snhglobal.pro\/wp-content\/uploads\/2025\/09\/photo_2025-09-03_13-57-38-768x512.jpg 768w, https:\/\/snhglobal.pro\/wp-content\/uploads\/2025\/09\/photo_2025-09-03_13-57-38-18x12.jpg 18w\" sizes=\"(max-width: 1280px) 100vw, 1280px\" \/>\t\t\t\t\t\t\t\t\t\t\t\t\t\t\t<\/div>\n\t\t\t\t<\/div>\n\t\t\t\t<div class=\"elementor-element elementor-element-1ccd852 elementor-widget elementor-widget-heading\" data-id=\"1ccd852\" data-element_type=\"widget\" data-widget_type=\"heading.default\">\n\t\t\t\t\t<h3 class=\"elementor-heading-title elementor-size-default\">Scientific communication and information<\/h3>\t\t\t\t<\/div>\n\t\t\t\t<\/a>\n\t\t<a class=\"elementor-element elementor-element-eec1a66 e-con-full e-flex e-con e-child\" data-id=\"eec1a66\" data-element_type=\"container\" data-settings=\"{&quot;background_background&quot;:&quot;classic&quot;}\" href=\"#elementor-action%3Aaction%3Dpopup%3Aopen%26settings%3DeyJpZCI6IjczIiwidG9nZ2xlIjpmYWxzZX0%3D\">\n\t\t\t\t<div class=\"elementor-element elementor-element-bb88ee5 elementor-absolute elementor-view-default elementor-widget elementor-widget-icon\" data-id=\"bb88ee5\" data-element_type=\"widget\" data-settings=\"{&quot;_position&quot;:&quot;absolute&quot;,&quot;motion_fx_motion_fx_mouse&quot;:&quot;yes&quot;,&quot;motion_fx_mouseTrack_effect&quot;:&quot;yes&quot;,&quot;motion_fx_mouseTrack_speed&quot;:{&quot;unit&quot;:&quot;px&quot;,&quot;size&quot;:0.1,&quot;sizes&quot;:[]}}\" data-widget_type=\"icon.default\">\n\t\t\t\t\t\t\t<div class=\"elementor-icon-wrapper\">\n\t\t\t<div class=\"elementor-icon\">\n\t\t\t<svg aria-hidden=\"true\" class=\"e-font-icon-svg e-fas-circle\" viewbox=\"0 0 512 512\" xmlns=\"http:\/\/www.w3.org\/2000\/svg\"><path d=\"M256 8C119 8 8 119 8 256s111 248 248 248 248-111 248-248S393 8 256 8z\"><\/path><\/svg>\t\t\t<\/div>\n\t\t<\/div>\n\t\t\t\t\t\t<\/div>\n\t\t<div class=\"elementor-element elementor-element-6d8ce4b e-con-full e-flex e-con e-child\" data-id=\"6d8ce4b\" data-element_type=\"container\">\n\t\t\t\t<div class=\"elementor-element elementor-element-c40ec0b elementor-widget elementor-widget-image\" data-id=\"c40ec0b\" data-element_type=\"widget\" data-widget_type=\"image.default\">\n\t\t\t\t\t\t\t\t\t\t\t\t\t\t\t<img loading=\"lazy\" decoding=\"async\" width=\"1280\" height=\"854\" src=\"https:\/\/snhglobal.pro\/wp-content\/uploads\/2025\/09\/servicio2.png\" class=\"attachment-full size-full wp-image-316\" alt=\"\" srcset=\"https:\/\/snhglobal.pro\/wp-content\/uploads\/2025\/09\/servicio2.png 1280w, https:\/\/snhglobal.pro\/wp-content\/uploads\/2025\/09\/servicio2-300x200.png 300w, https:\/\/snhglobal.pro\/wp-content\/uploads\/2025\/09\/servicio2-1024x683.png 1024w, https:\/\/snhglobal.pro\/wp-content\/uploads\/2025\/09\/servicio2-768x512.png 768w, https:\/\/snhglobal.pro\/wp-content\/uploads\/2025\/09\/servicio2-18x12.png 18w\" sizes=\"(max-width: 1280px) 100vw, 1280px\" \/>\t\t\t\t\t\t\t\t\t\t\t\t\t\t\t<\/div>\n\t\t\t\t<div class=\"elementor-element elementor-element-84d7f7e elementor-widget elementor-widget-heading\" data-id=\"84d7f7e\" data-element_type=\"widget\" data-widget_type=\"heading.default\">\n\t\t\t\t\t<h6 class=\"elementor-heading-title elementor-size-default\">Scientific reports and papers<\/h6>\t\t\t\t<\/div>\n\t\t\t\t<\/div>\n\t\t\t\t<\/a>\n\t\t<a class=\"elementor-element elementor-element-1d84109 e-con-full e-flex e-con e-child\" data-id=\"1d84109\" data-element_type=\"container\" data-settings=\"{&quot;background_background&quot;:&quot;classic&quot;}\" href=\"#elementor-action%3Aaction%3Dpopup%3Aopen%26settings%3DeyJpZCI6IjkyIiwidG9nZ2xlIjpmYWxzZX0%3D\">\n\t\t\t\t<div class=\"elementor-element elementor-element-efeb35f elementor-absolute elementor-view-default elementor-widget elementor-widget-icon\" data-id=\"efeb35f\" data-element_type=\"widget\" data-settings=\"{&quot;_position&quot;:&quot;absolute&quot;,&quot;motion_fx_motion_fx_mouse&quot;:&quot;yes&quot;,&quot;motion_fx_mouseTrack_effect&quot;:&quot;yes&quot;,&quot;motion_fx_mouseTrack_speed&quot;:{&quot;unit&quot;:&quot;px&quot;,&quot;size&quot;:0.1,&quot;sizes&quot;:[]}}\" data-widget_type=\"icon.default\">\n\t\t\t\t\t\t\t<div class=\"elementor-icon-wrapper\">\n\t\t\t<div class=\"elementor-icon\">\n\t\t\t<svg aria-hidden=\"true\" class=\"e-font-icon-svg e-fas-circle\" viewbox=\"0 0 512 512\" xmlns=\"http:\/\/www.w3.org\/2000\/svg\"><path d=\"M256 8C119 8 8 119 8 256s111 248 248 248 248-111 248-248S393 8 256 8z\"><\/path><\/svg>\t\t\t<\/div>\n\t\t<\/div>\n\t\t\t\t\t\t<\/div>\n\t\t\t\t<div class=\"elementor-element elementor-element-5599f26 elementor-widget elementor-widget-image\" data-id=\"5599f26\" data-element_type=\"widget\" data-widget_type=\"image.default\">\n\t\t\t\t\t\t\t\t\t\t\t\t\t\t\t<img loading=\"lazy\" decoding=\"async\" width=\"1279\" height=\"854\" src=\"https:\/\/snhglobal.pro\/wp-content\/uploads\/2025\/09\/servicio3.png\" class=\"attachment-full size-full wp-image-317\" alt=\"\" srcset=\"https:\/\/snhglobal.pro\/wp-content\/uploads\/2025\/09\/servicio3.png 1279w, https:\/\/snhglobal.pro\/wp-content\/uploads\/2025\/09\/servicio3-300x200.png 300w, https:\/\/snhglobal.pro\/wp-content\/uploads\/2025\/09\/servicio3-1024x684.png 1024w, https:\/\/snhglobal.pro\/wp-content\/uploads\/2025\/09\/servicio3-768x513.png 768w, https:\/\/snhglobal.pro\/wp-content\/uploads\/2025\/09\/servicio3-18x12.png 18w\" sizes=\"(max-width: 1279px) 100vw, 1279px\" \/>\t\t\t\t\t\t\t\t\t\t\t\t\t\t\t<\/div>\n\t\t\t\t<div class=\"elementor-element elementor-element-e267a4d elementor-widget elementor-widget-heading\" data-id=\"e267a4d\" data-element_type=\"widget\" data-widget_type=\"heading.default\">\n\t\t\t\t\t<h6 class=\"elementor-heading-title elementor-size-default\">Scientific studies<\/h6>\t\t\t\t<\/div>\n\t\t\t\t<\/a>\n\t\t<a class=\"elementor-element elementor-element-12d5a85 e-con-full e-flex e-con e-child\" data-id=\"12d5a85\" data-element_type=\"container\" data-settings=\"{&quot;background_background&quot;:&quot;classic&quot;}\" href=\"#elementor-action%3Aaction%3Dpopup%3Aopen%26settings%3DeyJpZCI6Ijk4IiwidG9nZ2xlIjpmYWxzZX0%3D\">\n\t\t\t\t<div class=\"elementor-element elementor-element-74e95a1 elementor-absolute elementor-view-default elementor-widget elementor-widget-icon\" data-id=\"74e95a1\" data-element_type=\"widget\" data-settings=\"{&quot;_position&quot;:&quot;absolute&quot;,&quot;motion_fx_motion_fx_mouse&quot;:&quot;yes&quot;,&quot;motion_fx_mouseTrack_effect&quot;:&quot;yes&quot;,&quot;motion_fx_mouseTrack_speed&quot;:{&quot;unit&quot;:&quot;px&quot;,&quot;size&quot;:0.1,&quot;sizes&quot;:[]}}\" data-widget_type=\"icon.default\">\n\t\t\t\t\t\t\t<div class=\"elementor-icon-wrapper\">\n\t\t\t<div class=\"elementor-icon\">\n\t\t\t<svg aria-hidden=\"true\" class=\"e-font-icon-svg e-fas-circle\" viewbox=\"0 0 512 512\" xmlns=\"http:\/\/www.w3.org\/2000\/svg\"><path d=\"M256 8C119 8 8 119 8 256s111 248 248 248 248-111 248-248S393 8 256 8z\"><\/path><\/svg>\t\t\t<\/div>\n\t\t<\/div>\n\t\t\t\t\t\t<\/div>\n\t\t\t\t<div class=\"elementor-element elementor-element-d616c8f elementor-widget elementor-widget-image\" data-id=\"d616c8f\" data-element_type=\"widget\" data-widget_type=\"image.default\">\n\t\t\t\t\t\t\t\t\t\t\t\t\t\t\t<img loading=\"lazy\" decoding=\"async\" width=\"1280\" height=\"854\" src=\"https:\/\/snhglobal.pro\/wp-content\/uploads\/2025\/09\/servicio4.png\" class=\"attachment-full size-full wp-image-318\" alt=\"\" srcset=\"https:\/\/snhglobal.pro\/wp-content\/uploads\/2025\/09\/servicio4.png 1280w, https:\/\/snhglobal.pro\/wp-content\/uploads\/2025\/09\/servicio4-300x200.png 300w, https:\/\/snhglobal.pro\/wp-content\/uploads\/2025\/09\/servicio4-1024x683.png 1024w, https:\/\/snhglobal.pro\/wp-content\/uploads\/2025\/09\/servicio4-768x512.png 768w, https:\/\/snhglobal.pro\/wp-content\/uploads\/2025\/09\/servicio4-18x12.png 18w\" sizes=\"(max-width: 1280px) 100vw, 1280px\" \/>\t\t\t\t\t\t\t\t\t\t\t\t\t\t\t<\/div>\n\t\t\t\t<div class=\"elementor-element elementor-element-858d434 elementor-widget elementor-widget-heading\" data-id=\"858d434\" data-element_type=\"widget\" data-widget_type=\"heading.default\">\n\t\t\t\t\t<h6 class=\"elementor-heading-title elementor-size-default\">Scientific events<\/h6>\t\t\t\t<\/div>\n\t\t\t\t<\/a>\n\t\t\t\t<\/div>\n\t\t\t\t<div class=\"elementor-element elementor-element-c786b7c elementor-widget elementor-widget-heading\" data-id=\"c786b7c\" data-element_type=\"widget\" data-widget_type=\"heading.default\">\n\t\t\t\t\t<p class=\"elementor-heading-title elementor-size-default\">We offer rigorous, objective and solution-oriented solutions for <span style='color:#28BEC6'>to the real impact<\/span> on the population<\/p>\t\t\t\t<\/div>\n\t\t\t\t<div class=\"elementor-element elementor-element-44ffc05 elementor-widget elementor-widget-spacer\" data-id=\"44ffc05\" data-element_type=\"widget\" id=\"quienes-somos\" data-widget_type=\"spacer.default\">\n\t\t\t\t\t\t\t<div class=\"elementor-spacer\">\n\t\t\t<div class=\"elementor-spacer-inner\"><\/div>\n\t\t<\/div>\n\t\t\t\t\t\t<\/div>\n\t\t\t\t<div class=\"elementor-element elementor-element-aa88778 elementor-widget elementor-widget-heading\" data-id=\"aa88778\" data-element_type=\"widget\" data-widget_type=\"heading.default\">\n\t\t\t\t\t<h2 class=\"elementor-heading-title elementor-size-default\">Who we are<\/h2>\t\t\t\t<\/div>\n\t\t<div class=\"elementor-element elementor-element-4938479 e-con-full e-flex e-con e-child\" data-id=\"4938479\" data-element_type=\"container\" data-settings=\"{&quot;background_background&quot;:&quot;classic&quot;}\">\n\t\t\t\t<div class=\"elementor-element elementor-element-4e51c19 elementor-widget__width-initial elementor-widget elementor-widget-heading\" data-id=\"4e51c19\" data-element_type=\"widget\" data-widget_type=\"heading.default\">\n\t\t\t\t\t<p class=\"elementor-heading-title elementor-size-default\"><b>We are an international network of scientific experts<\/b> committed to applying the best evidence in food, nutrition and health. <\/p>\t\t\t\t<\/div>\n\t\t\t\t<div class=\"elementor-element elementor-element-e91c457 elementor-align-center elementor-widget elementor-widget-button\" data-id=\"e91c457\" data-element_type=\"widget\" data-widget_type=\"button.default\">\n\t\t\t\t\t\t\t\t\t\t<a class=\"elementor-button elementor-button-link elementor-size-sm\" href=\"\/wp-content\/uploads\/2025\/09\/SNH-Global-EN.pdf\" target=\"_blank\">\n\t\t\t\t\t\t<span class=\"elementor-button-content-wrapper\">\n\t\t\t\t\t\t\t\t\t<span class=\"elementor-button-text\">See cover letter<\/span>\n\t\t\t\t\t<\/span>\n\t\t\t\t\t<\/a>\n\t\t\t\t\t\t\t\t<\/div>\n\t\t\t\t<\/div>\n\t\t\t\t\t<\/div>\n\t\t\t\t<\/div>\n\t\t<div class=\"elementor-element elementor-element-7e1c2d8 e-flex e-con-boxed e-con e-parent\" data-id=\"7e1c2d8\" data-element_type=\"container\" id=\"contacto\" data-settings=\"{&quot;background_background&quot;:&quot;gradient&quot;}\">\n\t\t\t\t\t<div class=\"e-con-inner\">\n\t\t<div class=\"elementor-element elementor-element-79b8a9a e-con-full e-flex e-con e-child\" data-id=\"79b8a9a\" data-element_type=\"container\">\n\t\t<div class=\"elementor-element elementor-element-b084515 e-con-full e-flex e-con e-child\" data-id=\"b084515\" data-element_type=\"container\" data-settings=\"{&quot;background_background&quot;:&quot;classic&quot;}\">\n\t\t\t\t<div class=\"elementor-element elementor-element-a1dfdd5 elementor-widget__width-auto elementor-widget elementor-widget-image\" data-id=\"a1dfdd5\" data-element_type=\"widget\" data-widget_type=\"image.default\">\n\t\t\t\t\t\t\t\t\t\t\t\t\t\t\t<img loading=\"lazy\" decoding=\"async\" width=\"118\" height=\"118\" src=\"https:\/\/snhglobal.pro\/wp-content\/uploads\/2025\/08\/Group-9.png\" class=\"attachment-full size-full wp-image-56\" alt=\"\" \/>\t\t\t\t\t\t\t\t\t\t\t\t\t\t\t<\/div>\n\t\t\t\t<div class=\"elementor-element elementor-element-ac7c26f elementor-widget elementor-widget-heading\" data-id=\"ac7c26f\" data-element_type=\"widget\" data-widget_type=\"heading.default\">\n\t\t\t\t\t<h2 class=\"elementor-heading-title elementor-size-default\">Entities<\/h2>\t\t\t\t<\/div>\n\t\t\t\t<\/div>\n\t\t\t\t<\/div>\n\t\t<div class=\"elementor-element elementor-element-18b3ea3 e-con-full e-flex e-con e-child\" data-id=\"18b3ea3\" data-element_type=\"container\">\n\t\t\t\t<div class=\"elementor-element elementor-element-08fc378 elementor-widget elementor-widget-heading\" data-id=\"08fc378\" data-element_type=\"widget\" data-widget_type=\"heading.default\">\n\t\t\t\t\t<p class=\"elementor-heading-title elementor-size-default\">Do you want access to innovative and rigorous solutions, designed by experts, to gain competitiveness?<\/p>\t\t\t\t<\/div>\n\t\t\t\t<div class=\"elementor-element elementor-element-9b37da6 elementor-widget elementor-widget-heading\" data-id=\"9b37da6\" data-element_type=\"widget\" data-widget_type=\"heading.default\">\n\t\t\t\t\t<p class=\"elementor-heading-title elementor-size-default\">Complete the form, access exclusive, personalised advice, and discover how science can transform your bottom line<\/p>\t\t\t\t<\/div>\n\t\t\t\t<div class=\"elementor-element elementor-element-be855d8 elementor-widget-divider--view-line elementor-widget elementor-widget-divider\" data-id=\"be855d8\" data-element_type=\"widget\" data-widget_type=\"divider.default\">\n\t\t\t\t\t\t\t<div class=\"elementor-divider\">\n\t\t\t<span class=\"elementor-divider-separator\">\n\t\t\t\t\t\t<\/span>\n\t\t<\/div>\n\t\t\t\t\t\t<\/div>\n\t\t\t\t<div class=\"elementor-element elementor-element-7f6cab4 elementor-button-align-center elementor-widget__width-inherit elementor-widget elementor-widget-form\" data-id=\"7f6cab4\" data-element_type=\"widget\" data-settings=\"{&quot;step_next_label&quot;:&quot;Next&quot;,&quot;step_previous_label&quot;:&quot;Previous&quot;,&quot;button_width&quot;:&quot;100&quot;,&quot;step_type&quot;:&quot;number_text&quot;,&quot;step_icon_shape&quot;:&quot;circle&quot;}\" data-widget_type=\"form.default\">\n\t\t\t\t\t\t\t<form class=\"elementor-form\" method=\"post\" name=\"Contacto con Entidades\" aria-label=\"Contact with Entities\" action=\"\">\n\t\t\t<input type=\"hidden\" name=\"post_id\" value=\"10\"\/>\n\t\t\t<input type=\"hidden\" name=\"form_id\" value=\"7f6cab4\"\/>\n\t\t\t<input type=\"hidden\" name=\"referer_title\" value=\"\" \/>\n\n\t\t\t\t\t\t\t<input type=\"hidden\" name=\"queried_id\" value=\"10\"\/>\n\t\t\t\n\t\t\t<div class=\"elementor-form-fields-wrapper elementor-labels-\">\n\t\t\t\t\t\t\t\t<div class=\"elementor-field-type-text elementor-field-group elementor-column elementor-field-group-name elementor-col-100 elementor-field-required\">\n\t\t\t\t\t\t\t\t\t\t\t\t<label for=\"form-field-name\" class=\"elementor-field-label elementor-screen-only\">\n\t\t\t\t\t\t\t\tName\t\t\t\t\t\t\t<\/label>\n\t\t\t\t\t\t\t\t\t\t\t\t\t\t<input size=\"1\" type=\"text\" name=\"form_fields[name]\" id=\"form-field-name\" class=\"elementor-field elementor-size-sm  elementor-field-textual\" placeholder=\"Name and Surname\" required=\"required\">\n\t\t\t\t\t\t\t\t\t\t\t<\/div>\n\t\t\t\t\t\t\t\t<div class=\"elementor-field-type-text elementor-field-group elementor-column elementor-field-group-field_6e5042b elementor-col-100 elementor-field-required\">\n\t\t\t\t\t\t\t\t\t\t\t\t<label for=\"form-field-field_6e5042b\" class=\"elementor-field-label elementor-screen-only\">\n\t\t\t\t\t\t\t\tEntity\t\t\t\t\t\t\t<\/label>\n\t\t\t\t\t\t\t\t\t\t\t\t\t\t<input size=\"1\" type=\"text\" name=\"form_fields[field_6e5042b]\" id=\"form-field-field_6e5042b\" class=\"elementor-field elementor-size-sm  elementor-field-textual\" placeholder=\"Entity\" required=\"required\">\n\t\t\t\t\t\t\t\t\t\t\t<\/div>\n\t\t\t\t\t\t\t\t<div class=\"elementor-field-type-email elementor-field-group elementor-column elementor-field-group-email elementor-col-100 elementor-field-required\">\n\t\t\t\t\t\t\t\t\t\t\t\t<label for=\"form-field-email\" class=\"elementor-field-label elementor-screen-only\">\n\t\t\t\t\t\t\t\tEmail\t\t\t\t\t\t\t<\/label>\n\t\t\t\t\t\t\t\t\t\t\t\t\t\t<input size=\"1\" type=\"email\" name=\"form_fields[email]\" id=\"form-field-email\" class=\"elementor-field elementor-size-sm  elementor-field-textual\" placeholder=\"E-mail address\" required=\"required\">\n\t\t\t\t\t\t\t\t\t\t\t<\/div>\n\t\t\t\t\t\t\t\t<div class=\"elementor-field-type-textarea elementor-field-group elementor-column elementor-field-group-field_94ac450 elementor-col-100\">\n\t\t\t\t\t\t\t\t\t\t\t\t<label for=\"form-field-field_94ac450\" class=\"elementor-field-label elementor-screen-only\">\n\t\t\t\t\t\t\t\tMessage\t\t\t\t\t\t\t<\/label>\n\t\t\t\t\t\t<textarea class=\"elementor-field-textual elementor-field  elementor-size-sm\" name=\"form_fields[field_94ac450]\" id=\"form-field-field_94ac450\" rows=\"4\" placeholder=\"Message\"><\/textarea>\t\t\t\t<\/div>\n\t\t\t\t\t\t\t\t<div class=\"elementor-field-type-acceptance elementor-field-group elementor-column elementor-field-group-field_38ba603 elementor-col-100 elementor-field-required\">\n\t\t\t\t\t\t\t\t\t\t\t\t<label for=\"form-field-field_38ba603\" class=\"elementor-field-label elementor-screen-only\">\n\t\t\t\t\t\t\t\tAcepto los T\u00e9rminos y condiciones y pol\u00edtica de privacidad\t\t\t\t\t\t\t<\/label>\n\t\t\t\t\t\t\t\t<div class=\"elementor-field-subgroup\">\n\t\t\t<span class=\"elementor-field-option\">\n\t\t\t\t<input type=\"checkbox\" name=\"form_fields[field_38ba603]\" id=\"form-field-field_38ba603\" class=\"elementor-field elementor-size-sm  elementor-acceptance-field\" required=\"required\">\n\t\t\t\t<label for=\"form-field-field_38ba603\">I accept the <a style=\"color:#065273\" href=\"https:\/\/snhglobal.pro\/en\/terminos-y-condiciones\/\">Terms and Conditions<\/a> and <a style=\"color:#065273\"  href=\"https:\/\/snhglobal.pro\/en\/politicas-de-privacidad\/\">Privacy Policy<\/a><\/label>\t\t\t<\/span>\n\t\t<\/div>\n\t\t\t\t\t\t<\/div>\n\t\t\t\t\t\t\t\t<div class=\"elementor-field-group elementor-column elementor-field-type-submit elementor-col-100 e-form__buttons\">\n\t\t\t\t\t<button class=\"elementor-button elementor-size-sm\" type=\"submit\">\n\t\t\t\t\t\t<span class=\"elementor-button-content-wrapper\">\n\t\t\t\t\t\t\t\t\t\t\t\t\t\t\t\t\t\t\t\t\t\t<span class=\"elementor-button-text\">Send<\/span>\n\t\t\t\t\t\t\t\t\t\t\t\t\t<\/span>\n\t\t\t\t\t<\/button>\n\t\t\t\t<\/div>\n\t\t\t<\/div>\n\t\t<input type=\"hidden\" name=\"trp-form-language\" value=\"en\"\/><\/form>\n\t\t\t\t\t\t<\/div>\n\t\t\t\t<\/div>\n\t\t\t\t\t<\/div>\n\t\t\t\t<\/div>\n\t\t\t\t<\/div>","protected":false},"excerpt":{"rendered":"<p>Excelencia cient\u00edfica para decisiones que marcan la diferencia Descubre nuestros servicios Servicios Comunicaci\u00f3n e informaci\u00f3n cient\u00edfica Informes y documentos cient\u00edficos Estudios cient\u00edficos Eventos cient\u00edficos Ofrecemos soluciones rigurosas, objetivas y orientadas al impacto real sobre la poblaci\u00f3n Qui\u00e9nes somos Somos una red internacional de expertos cient\u00edficos comprometidos con la aplicaci\u00f3n de la mejor evidencia en alimentaci\u00f3n, [&hellip;]<\/p>","protected":false},"author":1,"featured_media":0,"parent":0,"menu_order":0,"comment_status":"closed","ping_status":"closed","template":"","meta":{"footnotes":""},"class_list":["post-10","page","type-page","status-publish","hentry"],"_links":{"self":[{"href":"https:\/\/snhglobal.pro\/en\/wp-json\/wp\/v2\/pages\/10","targetHints":{"allow":["GET"]}}],"collection":[{"href":"https:\/\/snhglobal.pro\/en\/wp-json\/wp\/v2\/pages"}],"about":[{"href":"https:\/\/snhglobal.pro\/en\/wp-json\/wp\/v2\/types\/page"}],"author":[{"embeddable":true,"href":"https:\/\/snhglobal.pro\/en\/wp-json\/wp\/v2\/users\/1"}],"replies":[{"embeddable":true,"href":"https:\/\/snhglobal.pro\/en\/wp-json\/wp\/v2\/comments?post=10"}],"version-history":[{"count":0,"href":"https:\/\/snhglobal.pro\/en\/wp-json\/wp\/v2\/pages\/10\/revisions"}],"wp:attachment":[{"href":"https:\/\/snhglobal.pro\/en\/wp-json\/wp\/v2\/media?parent=10"}],"curies":[{"name":"wp","href":"https:\/\/api.w.org\/{rel}","templated":true}]}}