{"id":291,"date":"2025-09-11T04:06:05","date_gmt":"2025-09-11T04:06:05","guid":{"rendered":"https:\/\/snhglobal.pro\/?page_id=291"},"modified":"2025-09-11T04:08:17","modified_gmt":"2025-09-11T04:08:17","slug":"politicas-de-privacidad","status":"publish","type":"page","link":"https:\/\/snhglobal.pro\/en\/politicas-de-privacidad\/","title":{"rendered":"Privacy Policies"},"content":{"rendered":"<div data-elementor-type=\"wp-page\" data-elementor-id=\"291\" class=\"elementor elementor-291\" data-elementor-post-type=\"page\">\n\t\t\t\t<div class=\"elementor-element elementor-element-2a66a39 e-flex e-con-boxed e-con e-parent\" data-id=\"2a66a39\" data-element_type=\"container\">\n\t\t\t\t\t<div class=\"e-con-inner\">\n\t\t\t\t<div class=\"elementor-element elementor-element-cab110d elementor-widget elementor-widget-heading\" data-id=\"cab110d\" data-element_type=\"widget\" data-widget_type=\"heading.default\">\n\t\t\t\t\t<h2 class=\"elementor-heading-title elementor-size-default\">Privacy Policies<\/h2>\t\t\t\t<\/div>\n\t\t\t\t<div class=\"elementor-element elementor-element-0dd9bdd elementor-widget elementor-widget-text-editor\" data-id=\"0dd9bdd\" data-element_type=\"widget\" data-widget_type=\"text-editor.default\">\n\t\t\t\t\t\t\t\t\t<p><strong>Who we are<\/strong><\/p><p>Our website address is: https:\/\/snhglobal.pro \/.<\/p><p><strong>Comments<\/strong><\/p><p>When visitors leave comments\/information on the website, we collect the data shown in the comments form, as well as the visitor's IP address and browser user agent string to help detect spam.<\/p><p><strong>Media<\/strong><\/p><p>If you upload images to the website, you should avoid uploading images with embedded location data (EXIF GPS) included. Visitors to the website can download and extract any location data from images on the website.<\/p><p><strong>Cookies<\/strong><\/p><p>If you leave a comment or information on our site, you can opt-in to saving your name, email address, and website in cookies. This is for your convenience, so you don't have to fill in your details again when you leave another comment. These cookies will last for one year.<\/p><p>If you have an account and log in to this site, we will set a temporary cookie to determine if your browser accepts cookies. This cookie contains no personal data and is discarded when you close your browser.<\/p><p>When you log in, we will also set up several cookies to save your login information and your screen display choices. Login cookies last for two days, and screen options cookies last for a year. If you select \"Remember Me,\" your login will persist for two weeks. If you log out of your account, the login cookies will be removed.<\/p><p>If you edit or publish an article, an additional cookie will be saved in your browser. This cookie does not include any personal data and simply indicates the post ID of the article you just edited. It expires after 1 day.<\/p><p><strong>Embedded content from other websites<\/strong><\/p><p>Articles on this site may include embedded content (e.g., videos, images, articles, etc.). Embedded content from other websites behaves in the exact same way as if the visitor has visited the other website.<\/p><p>These websites may collect data about you, use cookies, embed additional third-party tracking, and monitor your interaction with that embedded content, including tracking your interaction with the embedded content if you have an account and are logged in to that website.<\/p><p><strong>Who we share your data with<\/strong><\/p><p>We do not share your data with any third party.<\/p><p><strong>How long we retain your data<\/strong><\/p><p>If you leave a comment\/information, the comment and its metadata are retained indefinitely.<\/p><p>De los usuarios que dejan su informaci\u00f3n en la web, tambi\u00e9n almacenamos la informaci\u00f3n personal que proporcionan en su perfil de usuario. Los administradores de la web pueden ver esa informaci\u00f3n.<\/p><p><strong>What rights you have over your data<\/strong><\/p><p>If you have left information on this website, you can request to receive an exported file of the personal data we hold about you, including any data you have provided to us. You can also request that we delete any personal data we hold about you. This does not include any data we are required to retain for administrative, legal, or security purposes.<\/p><p><strong>Where your data is sent<\/strong><\/p><p>Visitor information is forwarded to the company's archive, which will be maintained in accordance with current legislation.<\/p>\t\t\t\t\t\t\t\t<\/div>\n\t\t\t\t\t<\/div>\n\t\t\t\t<\/div>\n\t\t\t\t<\/div>","protected":false},"excerpt":{"rendered":"<p>Pol\u00edticas de privacidad Qui\u00e9nes somos La direcci\u00f3n de nuestra web es: https:\/\/snhglobal.pro \/. Comentarios Cuando los visitantes dejan comentarios\/informaci\u00f3n en la web, recopilamos los datos que se muestran en el formulario de comentarios, as\u00ed como la direcci\u00f3n IP del visitante y la cadena de agentes de usuario del navegador para ayudar a la detecci\u00f3n de [&hellip;]<\/p>","protected":false},"author":1,"featured_media":0,"parent":0,"menu_order":0,"comment_status":"closed","ping_status":"closed","template":"","meta":{"footnotes":""},"class_list":["post-291","page","type-page","status-publish","hentry"],"_links":{"self":[{"href":"https:\/\/snhglobal.pro\/en\/wp-json\/wp\/v2\/pages\/291","targetHints":{"allow":["GET"]}}],"collection":[{"href":"https:\/\/snhglobal.pro\/en\/wp-json\/wp\/v2\/pages"}],"about":[{"href":"https:\/\/snhglobal.pro\/en\/wp-json\/wp\/v2\/types\/page"}],"author":[{"embeddable":true,"href":"https:\/\/snhglobal.pro\/en\/wp-json\/wp\/v2\/users\/1"}],"replies":[{"embeddable":true,"href":"https:\/\/snhglobal.pro\/en\/wp-json\/wp\/v2\/comments?post=291"}],"version-history":[{"count":0,"href":"https:\/\/snhglobal.pro\/en\/wp-json\/wp\/v2\/pages\/291\/revisions"}],"wp:attachment":[{"href":"https:\/\/snhglobal.pro\/en\/wp-json\/wp\/v2\/media?parent=291"}],"curies":[{"name":"wp","href":"https:\/\/api.w.org\/{rel}","templated":true}]}}